{"id":7691,"date":"2025-07-14T22:33:05","date_gmt":"2025-07-14T22:33:05","guid":{"rendered":"https:\/\/grupoancla.co.cr\/?page_id=7691"},"modified":"2026-03-12T07:55:38","modified_gmt":"2026-03-12T13:55:38","slug":"servicios","status":"publish","type":"page","link":"https:\/\/grupoancla.co.cr\/index.php\/servicios\/","title":{"rendered":"SERVICIOS"},"content":{"rendered":"\t\t<div data-elementor-type=\"wp-page\" data-elementor-id=\"7691\" class=\"elementor elementor-7691\" wpc-filter-elementor-widget=\"1\" data-elementor-post-type=\"page\">\n\t\t\t\t\t\t<section class=\"elementor-section elementor-top-section elementor-element elementor-element-abff651 elementor-section-boxed elementor-section-height-default elementor-section-height-default\" data-id=\"abff651\" data-element_type=\"section\" data-e-type=\"section\">\n\t\t\t\t\t\t<div class=\"elementor-container elementor-column-gap-wider\">\n\t\t\t\t\t<div class=\"elementor-column elementor-col-100 elementor-top-column elementor-element elementor-element-6abdf2f\" data-id=\"6abdf2f\" data-element_type=\"column\" data-e-type=\"column\">\n\t\t\t<div class=\"elementor-widget-wrap elementor-element-populated\">\n\t\t\t\t\t\t<div class=\"elementor-element elementor-element-56b04cd elementor-widget elementor-widget-spacer\" data-id=\"56b04cd\" data-element_type=\"widget\" data-e-type=\"widget\" data-widget_type=\"spacer.default\">\n\t\t\t\t\t\t\t<div class=\"elementor-spacer\">\n\t\t\t<div class=\"elementor-spacer-inner\"><\/div>\n\t\t<\/div>\n\t\t\t\t\t\t<\/div>\n\t\t\t\t<div class=\"elementor-element elementor-element-3309a27 elementor-widget__width-initial elementor-widget-mobile__width-initial elementor-widget elementor-widget-heading\" data-id=\"3309a27\" data-element_type=\"widget\" data-e-type=\"widget\" data-widget_type=\"heading.default\">\n\t\t\t\t\t<h4 class=\"elementor-heading-title elementor-size-default\"><b>SOLUCIONES INTEGRALES DE VENTA, DISTRIBUCI\u00d3N Y MAQUILA<\/b><\/h4>\t\t\t\t<\/div>\n\t\t\t\t<div class=\"elementor-element elementor-element-d17e639 elementor-widget elementor-widget-spacer\" data-id=\"d17e639\" data-element_type=\"widget\" data-e-type=\"widget\" data-widget_type=\"spacer.default\">\n\t\t\t\t\t\t\t<div class=\"elementor-spacer\">\n\t\t\t<div class=\"elementor-spacer-inner\"><\/div>\n\t\t<\/div>\n\t\t\t\t\t\t<\/div>\n\t\t<div class=\"elementor-element elementor-element-1764e96 e-grid e-con-fit e-con e-parent\" data-id=\"1764e96\" data-element_type=\"container\" data-e-type=\"container\">\n\t\t\t\t<div class=\"elementor-element elementor-element-4f5ed17 elementor-widget elementor-widget-image\" data-id=\"4f5ed17\" data-element_type=\"widget\" data-e-type=\"widget\" data-widget_type=\"image.default\">\n\t\t\t\t\t\t\t\t\t\t\t\t\t\t\t<img fetchpriority=\"high\" decoding=\"async\" width=\"1024\" height=\"757\" src=\"https:\/\/grupoancla.co.cr\/wp-content\/uploads\/2025\/12\/distribucion1-1024x757.png\" class=\"attachment-large size-large wp-image-8495\" alt=\"\" srcset=\"https:\/\/grupoancla.co.cr\/wp-content\/uploads\/2025\/12\/distribucion1-1024x757.png 1024w, https:\/\/grupoancla.co.cr\/wp-content\/uploads\/2025\/12\/distribucion1-600x444.png 600w, https:\/\/grupoancla.co.cr\/wp-content\/uploads\/2025\/12\/distribucion1-300x222.png 300w, https:\/\/grupoancla.co.cr\/wp-content\/uploads\/2025\/12\/distribucion1-768x568.png 768w, https:\/\/grupoancla.co.cr\/wp-content\/uploads\/2025\/12\/distribucion1.png 1293w\" sizes=\"(max-width: 1024px) 100vw, 1024px\" \/>\t\t\t\t\t\t\t\t\t\t\t\t\t\t\t<\/div>\n\t\t\t\t<div class=\"elementor-element elementor-element-ca872de elementor-widget__width-initial elementor-widget elementor-widget-text-editor\" data-id=\"ca872de\" data-element_type=\"widget\" data-e-type=\"widget\" data-widget_type=\"text-editor.default\">\n\t\t\t\t\t\t\t\t\t<p><b>SOLUCIONES INTEGRALES DE VENTA, DISTRIBUCI\u00d3N Y MAQUILA<\/b><\/p><p class=\"p1\">Contamos con una estructura comercial s\u00f3lida que nos permite alcanzar una amplia cobertura de puntos de venta en todo el pa\u00eds, con presencia destacada en las principales cadenas de supermercados y farmacias.<\/p><p>Mediante un modelo de segmentaci\u00f3n por formatos de retail, atendemos de forma eficiente el Canal Moderno, el Canal Tradicional y diversos canales no tradicionales, adapt\u00e1ndonos a las necesidades espec\u00edficas de cada tipo de cliente.<\/p>\t\t\t\t\t\t\t\t<\/div>\n\t\t\t\t<div class=\"elementor-element elementor-element-326ab39 elementor-widget__width-initial elementor-widget elementor-widget-text-editor\" data-id=\"326ab39\" data-element_type=\"widget\" data-e-type=\"widget\" data-widget_type=\"text-editor.default\">\n\t\t\t\t\t\t\t\t\t<p><b>CANAL TRADICIONAL<\/b><\/p><p class=\"p1\">La empresa cuenta con un equipo especializado en el Canal Tradicional, encargado de distribuir productos de consumo masivo a supermercados, canal oriental, mayoristas y co-distribuidores. Su gesti\u00f3n se basa en la comunicaci\u00f3n constante, el apoyo comercial y la optimizaci\u00f3n de la exhibici\u00f3n en punto de venta, con mercaderistas que realizan visitas diarias.<\/p>\t\t\t\t\t\t\t\t<\/div>\n\t\t\t\t<div class=\"elementor-element elementor-element-075a510 elementor-widget elementor-widget-image\" data-id=\"075a510\" data-element_type=\"widget\" data-e-type=\"widget\" data-widget_type=\"image.default\">\n\t\t\t\t\t\t\t\t\t\t\t\t\t\t\t<img decoding=\"async\" width=\"1024\" height=\"757\" src=\"https:\/\/grupoancla.co.cr\/wp-content\/uploads\/2025\/12\/tradicional-1024x757.png\" class=\"attachment-large size-large wp-image-8467\" alt=\"\" srcset=\"https:\/\/grupoancla.co.cr\/wp-content\/uploads\/2025\/12\/tradicional-1024x757.png 1024w, https:\/\/grupoancla.co.cr\/wp-content\/uploads\/2025\/12\/tradicional-600x444.png 600w, https:\/\/grupoancla.co.cr\/wp-content\/uploads\/2025\/12\/tradicional-300x222.png 300w, https:\/\/grupoancla.co.cr\/wp-content\/uploads\/2025\/12\/tradicional-768x568.png 768w, https:\/\/grupoancla.co.cr\/wp-content\/uploads\/2025\/12\/tradicional.png 1293w\" sizes=\"(max-width: 1024px) 100vw, 1024px\" \/>\t\t\t\t\t\t\t\t\t\t\t\t\t\t\t<\/div>\n\t\t\t\t<div class=\"elementor-element elementor-element-74d53b6 elementor-widget elementor-widget-image\" data-id=\"74d53b6\" data-element_type=\"widget\" data-e-type=\"widget\" data-widget_type=\"image.default\">\n\t\t\t\t\t\t\t\t\t\t\t\t\t\t\t<img decoding=\"async\" width=\"621\" height=\"401\" src=\"https:\/\/grupoancla.co.cr\/wp-content\/uploads\/2025\/09\/walmart.png\" class=\"attachment-large size-large wp-image-8148\" alt=\"\" srcset=\"https:\/\/grupoancla.co.cr\/wp-content\/uploads\/2025\/09\/walmart.png 621w, https:\/\/grupoancla.co.cr\/wp-content\/uploads\/2025\/09\/walmart-600x387.png 600w, https:\/\/grupoancla.co.cr\/wp-content\/uploads\/2025\/09\/walmart-300x194.png 300w\" sizes=\"(max-width: 621px) 100vw, 621px\" \/>\t\t\t\t\t\t\t\t\t\t\t\t\t\t\t<\/div>\n\t\t\t\t<div class=\"elementor-element elementor-element-4f0e2c9 elementor-widget__width-initial elementor-widget elementor-widget-text-editor\" data-id=\"4f0e2c9\" data-element_type=\"widget\" data-e-type=\"widget\" data-widget_type=\"text-editor.default\">\n\t\t\t\t\t\t\t\t\t<p><b>CANAL MODERNO<\/b><\/p><p class=\"p1\">La empresa atiende de forma directa el Canal Moderno y cuenta con un equipo de ejecutivos, promotores y mercaderistas con amplia experiencia y conocimiento comercial. Este equipo se encarga de la atenci\u00f3n y gesti\u00f3n de los principales clientes del sector, incluyendo Walmart en todos sus formatos, Automercado, Gessa y Megasuper.<\/p>\t\t\t\t\t\t\t\t<\/div>\n\t\t\t\t<div class=\"elementor-element elementor-element-309824c elementor-widget__width-initial elementor-widget elementor-widget-text-editor\" data-id=\"309824c\" data-element_type=\"widget\" data-e-type=\"widget\" data-widget_type=\"text-editor.default\">\n\t\t\t\t\t\t\t\t\t<p><b>CANAL FARMAC\u00c9UTICO<\/b><\/p><p class=\"p1\">La empresa posee amplia experiencia en la distribuci\u00f3n para el Canal Farmac\u00e9utico, brindando un servicio integral orientado a satisfacer las necesidades del cliente y garantizar la presencia de sus productos en cadenas y farmacias independientes.<\/p>\t\t\t\t\t\t\t\t<\/div>\n\t\t\t\t<div class=\"elementor-element elementor-element-8c2c317 fit-image-center elementor-widget elementor-widget-image\" data-id=\"8c2c317\" data-element_type=\"widget\" data-e-type=\"widget\" data-widget_type=\"image.default\">\n\t\t\t\t\t\t\t\t\t\t\t\t\t\t\t<img loading=\"lazy\" decoding=\"async\" width=\"1024\" height=\"757\" src=\"https:\/\/grupoancla.co.cr\/wp-content\/uploads\/2025\/12\/farmacia-1-1024x757.png\" class=\"attachment-large size-large wp-image-8463\" alt=\"\" srcset=\"https:\/\/grupoancla.co.cr\/wp-content\/uploads\/2025\/12\/farmacia-1-1024x757.png 1024w, https:\/\/grupoancla.co.cr\/wp-content\/uploads\/2025\/12\/farmacia-1-600x444.png 600w, https:\/\/grupoancla.co.cr\/wp-content\/uploads\/2025\/12\/farmacia-1-300x222.png 300w, https:\/\/grupoancla.co.cr\/wp-content\/uploads\/2025\/12\/farmacia-1-768x568.png 768w, https:\/\/grupoancla.co.cr\/wp-content\/uploads\/2025\/12\/farmacia-1.png 1293w\" sizes=\"(max-width: 1024px) 100vw, 1024px\" \/>\t\t\t\t\t\t\t\t\t\t\t\t\t\t\t<\/div>\n\t\t\t\t<div class=\"elementor-element elementor-element-eb8708b fit-image-center elementor-widget elementor-widget-image\" data-id=\"eb8708b\" data-element_type=\"widget\" data-e-type=\"widget\" data-widget_type=\"image.default\">\n\t\t\t\t\t\t\t\t\t\t\t\t\t\t\t<img loading=\"lazy\" decoding=\"async\" width=\"1024\" height=\"757\" src=\"https:\/\/grupoancla.co.cr\/wp-content\/uploads\/2026\/03\/maquila-1024x757.png\" class=\"attachment-large size-large wp-image-8840\" alt=\"\" srcset=\"https:\/\/grupoancla.co.cr\/wp-content\/uploads\/2026\/03\/maquila-1024x757.png 1024w, https:\/\/grupoancla.co.cr\/wp-content\/uploads\/2026\/03\/maquila-600x444.png 600w, https:\/\/grupoancla.co.cr\/wp-content\/uploads\/2026\/03\/maquila-300x222.png 300w, https:\/\/grupoancla.co.cr\/wp-content\/uploads\/2026\/03\/maquila-768x568.png 768w, https:\/\/grupoancla.co.cr\/wp-content\/uploads\/2026\/03\/maquila.png 1293w\" sizes=\"(max-width: 1024px) 100vw, 1024px\" \/>\t\t\t\t\t\t\t\t\t\t\t\t\t\t\t<\/div>\n\t\t\t\t<div class=\"elementor-element elementor-element-60d9267 elementor-widget__width-initial elementor-widget elementor-widget-text-editor\" data-id=\"60d9267\" data-element_type=\"widget\" data-e-type=\"widget\" data-widget_type=\"text-editor.default\">\n\t\t\t\t\t\t\t\t\t<p class=\"p1\"><strong>MAQUILA<\/strong><\/p><p>Grupo Ancla ofrece servicios de maquila para empresas y emprendedores, respaldados por un equipo que se mantiene a la vanguardia en tecnolog\u00edas y desarrollos dentro de las categor\u00edas de Alimentos, Cuidado Personal y Cuidado del Hogar.<\/p><p>Cada proyecto se ejecuta bajo estrictos acuerdos de confidencialidad y con un servicio integral que incluye asesor\u00eda especializada, desarrollo de formulaciones y acompa\u00f1amiento completo durante todo el proceso, desde la idea hasta el producto final.<\/p>\t\t\t\t\t\t\t\t<\/div>\n\t\t\t\t<\/div>\n\t\t\t\t\t<\/div>\n\t\t<\/div>\n\t\t\t\t\t<\/div>\n\t\t<\/section>\n\t\t\t\t<\/div>\n\t\t","protected":false},"excerpt":{"rendered":"<p>SOLUCIONES INTEGRALES DE VENTA, DISTRIBUCI\u00d3N Y MAQUILA SOLUCIONES INTEGRALES DE VENTA, DISTRIBUCI\u00d3N Y MAQUILA Contamos con una estructura comercial s\u00f3lida que nos permite alcanzar una amplia cobertura de puntos de venta en todo el pa\u00eds, con presencia destacada en las principales cadenas de supermercados y farmacias. Mediante un modelo de segmentaci\u00f3n por formatos de retail,&hellip;<\/p>\n","protected":false},"author":1,"featured_media":0,"parent":0,"menu_order":10,"comment_status":"closed","ping_status":"closed","template":"elementor_header_footer","meta":{"footnotes":""},"class_list":["post-7691","page","type-page","status-publish","hentry"],"featured_image_src":null,"yoast_head":"<!-- This site is optimized with the Yoast SEO plugin v27.1.1 - https:\/\/yoast.com\/product\/yoast-seo-wordpress\/ -->\n<title>SERVICIOS - Grupo Ancla<\/title>\n<meta name=\"robots\" content=\"index, follow, max-snippet:-1, max-image-preview:large, max-video-preview:-1\" \/>\n<link rel=\"canonical\" href=\"https:\/\/grupoancla.co.cr\/index.php\/servicios\/\" \/>\n<meta property=\"og:locale\" content=\"es_ES\" \/>\n<meta property=\"og:type\" content=\"article\" \/>\n<meta property=\"og:title\" content=\"SERVICIOS - Grupo Ancla\" \/>\n<meta property=\"og:description\" content=\"SOLUCIONES INTEGRALES DE VENTA, DISTRIBUCI\u00d3N Y MAQUILA SOLUCIONES INTEGRALES DE VENTA, DISTRIBUCI\u00d3N Y MAQUILA Contamos con una estructura comercial s\u00f3lida que nos permite alcanzar una amplia cobertura de puntos de venta en todo el pa\u00eds, con presencia destacada en las principales cadenas de supermercados y farmacias. Mediante un modelo de segmentaci\u00f3n por formatos de retail,&hellip;\" \/>\n<meta property=\"og:url\" content=\"https:\/\/grupoancla.co.cr\/index.php\/servicios\/\" \/>\n<meta property=\"og:site_name\" content=\"Grupo Ancla\" \/>\n<meta property=\"article:modified_time\" content=\"2026-03-12T13:55:38+00:00\" \/>\n<meta property=\"og:image\" content=\"https:\/\/grupoancla.co.cr\/wp-content\/uploads\/2025\/12\/distribucion1.png\" \/>\n\t<meta property=\"og:image:width\" content=\"1293\" \/>\n\t<meta property=\"og:image:height\" content=\"956\" \/>\n\t<meta property=\"og:image:type\" content=\"image\/png\" \/>\n<meta name=\"twitter:card\" content=\"summary_large_image\" \/>\n<meta name=\"twitter:label1\" content=\"Est. reading time\" \/>\n\t<meta name=\"twitter:data1\" content=\"2 minutos\" \/>\n<script type=\"application\/ld+json\" class=\"yoast-schema-graph\">{\"@context\":\"https:\/\/schema.org\",\"@graph\":[{\"@type\":\"WebPage\",\"@id\":\"https:\/\/grupoancla.co.cr\/index.php\/servicios\/\",\"url\":\"https:\/\/grupoancla.co.cr\/index.php\/servicios\/\",\"name\":\"SERVICIOS - Grupo Ancla\",\"isPartOf\":{\"@id\":\"https:\/\/grupoancla.co.cr\/#website\"},\"primaryImageOfPage\":{\"@id\":\"https:\/\/grupoancla.co.cr\/index.php\/servicios\/#primaryimage\"},\"image\":{\"@id\":\"https:\/\/grupoancla.co.cr\/index.php\/servicios\/#primaryimage\"},\"thumbnailUrl\":\"https:\/\/grupoancla.co.cr\/wp-content\/uploads\/2025\/12\/distribucion1-1024x757.png\",\"datePublished\":\"2025-07-14T22:33:05+00:00\",\"dateModified\":\"2026-03-12T13:55:38+00:00\",\"breadcrumb\":{\"@id\":\"https:\/\/grupoancla.co.cr\/index.php\/servicios\/#breadcrumb\"},\"inLanguage\":\"es-CR\",\"potentialAction\":[{\"@type\":\"ReadAction\",\"target\":[\"https:\/\/grupoancla.co.cr\/index.php\/servicios\/\"]}]},{\"@type\":\"ImageObject\",\"inLanguage\":\"es-CR\",\"@id\":\"https:\/\/grupoancla.co.cr\/index.php\/servicios\/#primaryimage\",\"url\":\"https:\/\/grupoancla.co.cr\/wp-content\/uploads\/2025\/12\/distribucion1.png\",\"contentUrl\":\"https:\/\/grupoancla.co.cr\/wp-content\/uploads\/2025\/12\/distribucion1.png\",\"width\":1293,\"height\":956},{\"@type\":\"BreadcrumbList\",\"@id\":\"https:\/\/grupoancla.co.cr\/index.php\/servicios\/#breadcrumb\",\"itemListElement\":[{\"@type\":\"ListItem\",\"position\":1,\"name\":\"Portada\",\"item\":\"https:\/\/grupoancla.co.cr\/\"},{\"@type\":\"ListItem\",\"position\":2,\"name\":\"SERVICIOS\"}]},{\"@type\":\"WebSite\",\"@id\":\"https:\/\/grupoancla.co.cr\/#website\",\"url\":\"https:\/\/grupoancla.co.cr\/\",\"name\":\"Grupo Ancla\",\"description\":\"\",\"publisher\":{\"@id\":\"https:\/\/grupoancla.co.cr\/#organization\"},\"potentialAction\":[{\"@type\":\"SearchAction\",\"target\":{\"@type\":\"EntryPoint\",\"urlTemplate\":\"https:\/\/grupoancla.co.cr\/?s={search_term_string}\"},\"query-input\":{\"@type\":\"PropertyValueSpecification\",\"valueRequired\":true,\"valueName\":\"search_term_string\"}}],\"inLanguage\":\"es-CR\"},{\"@type\":\"Organization\",\"@id\":\"https:\/\/grupoancla.co.cr\/#organization\",\"name\":\"Grupo Ancla\",\"url\":\"https:\/\/grupoancla.co.cr\/\",\"logo\":{\"@type\":\"ImageObject\",\"inLanguage\":\"es-CR\",\"@id\":\"https:\/\/grupoancla.co.cr\/#\/schema\/logo\/image\/\",\"url\":\"https:\/\/grupoancla.co.cr\/wp-content\/uploads\/2025\/07\/LOGOPEQ.png\",\"contentUrl\":\"https:\/\/grupoancla.co.cr\/wp-content\/uploads\/2025\/07\/LOGOPEQ.png\",\"width\":138,\"height\":70,\"caption\":\"Grupo Ancla\"},\"image\":{\"@id\":\"https:\/\/grupoancla.co.cr\/#\/schema\/logo\/image\/\"}}]}<\/script>\n<!-- \/ Yoast SEO plugin. -->","yoast_head_json":{"title":"SERVICIOS - Grupo Ancla","robots":{"index":"index","follow":"follow","max-snippet":"max-snippet:-1","max-image-preview":"max-image-preview:large","max-video-preview":"max-video-preview:-1"},"canonical":"https:\/\/grupoancla.co.cr\/index.php\/servicios\/","og_locale":"es_ES","og_type":"article","og_title":"SERVICIOS - Grupo Ancla","og_description":"SOLUCIONES INTEGRALES DE VENTA, DISTRIBUCI\u00d3N Y MAQUILA SOLUCIONES INTEGRALES DE VENTA, DISTRIBUCI\u00d3N Y MAQUILA Contamos con una estructura comercial s\u00f3lida que nos permite alcanzar una amplia cobertura de puntos de venta en todo el pa\u00eds, con presencia destacada en las principales cadenas de supermercados y farmacias. Mediante un modelo de segmentaci\u00f3n por formatos de retail,&hellip;","og_url":"https:\/\/grupoancla.co.cr\/index.php\/servicios\/","og_site_name":"Grupo Ancla","article_modified_time":"2026-03-12T13:55:38+00:00","og_image":[{"width":1293,"height":956,"url":"https:\/\/grupoancla.co.cr\/wp-content\/uploads\/2025\/12\/distribucion1.png","type":"image\/png"}],"twitter_card":"summary_large_image","twitter_misc":{"Est. reading time":"2 minutos"},"schema":{"@context":"https:\/\/schema.org","@graph":[{"@type":"WebPage","@id":"https:\/\/grupoancla.co.cr\/index.php\/servicios\/","url":"https:\/\/grupoancla.co.cr\/index.php\/servicios\/","name":"SERVICIOS - Grupo Ancla","isPartOf":{"@id":"https:\/\/grupoancla.co.cr\/#website"},"primaryImageOfPage":{"@id":"https:\/\/grupoancla.co.cr\/index.php\/servicios\/#primaryimage"},"image":{"@id":"https:\/\/grupoancla.co.cr\/index.php\/servicios\/#primaryimage"},"thumbnailUrl":"https:\/\/grupoancla.co.cr\/wp-content\/uploads\/2025\/12\/distribucion1-1024x757.png","datePublished":"2025-07-14T22:33:05+00:00","dateModified":"2026-03-12T13:55:38+00:00","breadcrumb":{"@id":"https:\/\/grupoancla.co.cr\/index.php\/servicios\/#breadcrumb"},"inLanguage":"es-CR","potentialAction":[{"@type":"ReadAction","target":["https:\/\/grupoancla.co.cr\/index.php\/servicios\/"]}]},{"@type":"ImageObject","inLanguage":"es-CR","@id":"https:\/\/grupoancla.co.cr\/index.php\/servicios\/#primaryimage","url":"https:\/\/grupoancla.co.cr\/wp-content\/uploads\/2025\/12\/distribucion1.png","contentUrl":"https:\/\/grupoancla.co.cr\/wp-content\/uploads\/2025\/12\/distribucion1.png","width":1293,"height":956},{"@type":"BreadcrumbList","@id":"https:\/\/grupoancla.co.cr\/index.php\/servicios\/#breadcrumb","itemListElement":[{"@type":"ListItem","position":1,"name":"Portada","item":"https:\/\/grupoancla.co.cr\/"},{"@type":"ListItem","position":2,"name":"SERVICIOS"}]},{"@type":"WebSite","@id":"https:\/\/grupoancla.co.cr\/#website","url":"https:\/\/grupoancla.co.cr\/","name":"Grupo Ancla","description":"","publisher":{"@id":"https:\/\/grupoancla.co.cr\/#organization"},"potentialAction":[{"@type":"SearchAction","target":{"@type":"EntryPoint","urlTemplate":"https:\/\/grupoancla.co.cr\/?s={search_term_string}"},"query-input":{"@type":"PropertyValueSpecification","valueRequired":true,"valueName":"search_term_string"}}],"inLanguage":"es-CR"},{"@type":"Organization","@id":"https:\/\/grupoancla.co.cr\/#organization","name":"Grupo Ancla","url":"https:\/\/grupoancla.co.cr\/","logo":{"@type":"ImageObject","inLanguage":"es-CR","@id":"https:\/\/grupoancla.co.cr\/#\/schema\/logo\/image\/","url":"https:\/\/grupoancla.co.cr\/wp-content\/uploads\/2025\/07\/LOGOPEQ.png","contentUrl":"https:\/\/grupoancla.co.cr\/wp-content\/uploads\/2025\/07\/LOGOPEQ.png","width":138,"height":70,"caption":"Grupo Ancla"},"image":{"@id":"https:\/\/grupoancla.co.cr\/#\/schema\/logo\/image\/"}}]}},"_links":{"self":[{"href":"https:\/\/grupoancla.co.cr\/index.php\/wp-json\/wp\/v2\/pages\/7691","targetHints":{"allow":["GET"]}}],"collection":[{"href":"https:\/\/grupoancla.co.cr\/index.php\/wp-json\/wp\/v2\/pages"}],"about":[{"href":"https:\/\/grupoancla.co.cr\/index.php\/wp-json\/wp\/v2\/types\/page"}],"author":[{"embeddable":true,"href":"https:\/\/grupoancla.co.cr\/index.php\/wp-json\/wp\/v2\/users\/1"}],"replies":[{"embeddable":true,"href":"https:\/\/grupoancla.co.cr\/index.php\/wp-json\/wp\/v2\/comments?post=7691"}],"version-history":[{"count":118,"href":"https:\/\/grupoancla.co.cr\/index.php\/wp-json\/wp\/v2\/pages\/7691\/revisions"}],"predecessor-version":[{"id":8843,"href":"https:\/\/grupoancla.co.cr\/index.php\/wp-json\/wp\/v2\/pages\/7691\/revisions\/8843"}],"wp:attachment":[{"href":"https:\/\/grupoancla.co.cr\/index.php\/wp-json\/wp\/v2\/media?parent=7691"}],"curies":[{"name":"wp","href":"https:\/\/api.w.org\/{rel}","templated":true}]}}